{"id":194,"date":"2025-10-15T18:04:25","date_gmt":"2025-10-15T18:04:25","guid":{"rendered":"https:\/\/airilaphoto.ee\/?page_id=194"},"modified":"2025-10-22T14:27:33","modified_gmt":"2025-10-22T14:27:33","slug":"minust","status":"publish","type":"page","link":"https:\/\/airilaphoto.ee\/et\/minust\/","title":{"rendered":"minust"},"content":{"rendered":"\t\t<div data-elementor-type=\"wp-page\" data-elementor-id=\"194\" class=\"elementor elementor-194\">\n\t\t\t\t<div class=\"elementor-element elementor-element-c2f6ee8 e-flex e-con-boxed e-con e-parent\" data-id=\"c2f6ee8\" data-element_type=\"container\" data-e-type=\"container\">\n\t\t\t\t\t<div class=\"e-con-inner\">\n\t\t\t\t<div class=\"elementor-element elementor-element-ba0c642 elementor-widget-divider--view-line elementor-widget elementor-widget-divider\" data-id=\"ba0c642\" data-element_type=\"widget\" data-e-type=\"widget\" data-widget_type=\"divider.default\">\n\t\t\t\t\t\t\t<div class=\"elementor-divider\">\n\t\t\t<span class=\"elementor-divider-separator\">\n\t\t\t\t\t\t<\/span>\n\t\t<\/div>\n\t\t\t\t\t\t<\/div>\n\t\t\t\t<div class=\"elementor-element elementor-element-18efdcb elementor-position-right elementor-vertical-align-middle elementor-widget elementor-widget-image-box\" data-id=\"18efdcb\" data-element_type=\"widget\" data-e-type=\"widget\" data-widget_type=\"image-box.default\">\n\t\t\t\t\t<div class=\"elementor-image-box-wrapper\"><figure class=\"elementor-image-box-img\"><img fetchpriority=\"high\" decoding=\"async\" width=\"1365\" height=\"2048\" src=\"https:\/\/airilaphoto.ee\/wp-content\/uploads\/2025\/10\/AIR-7420-1.jpg\" class=\"attachment-full size-full wp-image-147\" alt=\"\" srcset=\"https:\/\/airilaphoto.ee\/wp-content\/uploads\/2025\/10\/AIR-7420-1.jpg 1365w, https:\/\/airilaphoto.ee\/wp-content\/uploads\/2025\/10\/AIR-7420-1-200x300.jpg 200w, https:\/\/airilaphoto.ee\/wp-content\/uploads\/2025\/10\/AIR-7420-1-683x1024.jpg 683w, https:\/\/airilaphoto.ee\/wp-content\/uploads\/2025\/10\/AIR-7420-1-768x1152.jpg 768w, https:\/\/airilaphoto.ee\/wp-content\/uploads\/2025\/10\/AIR-7420-1-1024x1536.jpg 1024w\" sizes=\"(max-width: 1365px) 100vw, 1365px\" \/><\/figure><div class=\"elementor-image-box-content\"><p class=\"elementor-image-box-description\">Tere! Olen kirglik fotograaf \u00fcle 5 aasta kogemusega. Mulle meeldib j\u00e4\u00e4dvustada hetki, mis r\u00e4\u00e4givad lugusid ja \u00e4ratavad emotsioone.\n\nIga fotosessioon on mulle v\u00f5imalus luua midagi unikaalset ja isiklikku. Usun, et parimad fotod s\u00fcnnivad siis, kui inimesed tunnevad end mugavalt ja loomulikult.<\/p><\/div><\/div>\t\t\t\t<\/div>\n\t\t\t\t\t<\/div>\n\t\t\t\t<\/div>\n\t\t<div class=\"elementor-element elementor-element-5ba027a e-flex e-con-boxed e-con e-parent\" data-id=\"5ba027a\" data-element_type=\"container\" data-e-type=\"container\">\n\t\t\t\t\t<div class=\"e-con-inner\">\n\t\t\t\t<div class=\"elementor-element elementor-element-ff03b24 elementor-widget-divider--view-line elementor-widget elementor-widget-divider\" data-id=\"ff03b24\" data-element_type=\"widget\" data-e-type=\"widget\" data-widget_type=\"divider.default\">\n\t\t\t\t\t\t\t<div class=\"elementor-divider\">\n\t\t\t<span class=\"elementor-divider-separator\">\n\t\t\t\t\t\t<\/span>\n\t\t<\/div>\n\t\t\t\t\t\t<\/div>\n\t\t\t\t\t<\/div>\n\t\t\t\t<\/div>\n\t\t\t\t<\/div>\n\t\t","protected":false},"excerpt":{"rendered":"<p>Tere! Olen kirglik fotograaf \u00fcle 5 aasta kogemusega. Mulle meeldib j\u00e4\u00e4dvustada hetki, mis r\u00e4\u00e4givad lugusid ja \u00e4ratavad emotsioone. Iga fotosessioon [&hellip;]<\/p>\n","protected":false},"author":1,"featured_media":0,"parent":0,"menu_order":0,"comment_status":"closed","ping_status":"closed","template":"","meta":{"_monsterinsights_skip_tracking":false,"_monsterinsights_sitenote_active":false,"_monsterinsights_sitenote_note":"","_monsterinsights_sitenote_category":0,"_uf_show_specific_survey":0,"_uf_disable_surveys":false,"site-sidebar-layout":"no-sidebar","site-content-layout":"","ast-site-content-layout":"full-width-container","site-content-style":"default","site-sidebar-style":"default","ast-global-header-display":"","ast-banner-title-visibility":"","ast-main-header-display":"","ast-hfb-above-header-display":"","ast-hfb-below-header-display":"","ast-hfb-mobile-header-display":"","site-post-title":"","ast-breadcrumbs-content":"","ast-featured-img":"disabled","footer-sml-layout":"","ast-disable-related-posts":"","theme-transparent-header-meta":"","adv-header-id-meta":"","stick-header-meta":"","header-above-stick-meta":"","header-main-stick-meta":"","header-below-stick-meta":"","astra-migrate-meta-layouts":"default","ast-page-background-enabled":"default","ast-page-background-meta":{"desktop":{"background-color":"var(--ast-global-color-5)","background-image":"","background-repeat":"repeat","background-position":"center center","background-size":"auto","background-attachment":"scroll","background-type":"","background-media":"","overlay-type":"","overlay-color":"","overlay-opacity":"","overlay-gradient":""},"tablet":{"background-color":"","background-image":"","background-repeat":"repeat","background-position":"center center","background-size":"auto","background-attachment":"scroll","background-type":"","background-media":"","overlay-type":"","overlay-color":"","overlay-opacity":"","overlay-gradient":""},"mobile":{"background-color":"","background-image":"","background-repeat":"repeat","background-position":"center center","background-size":"auto","background-attachment":"scroll","background-type":"","background-media":"","overlay-type":"","overlay-color":"","overlay-opacity":"","overlay-gradient":""}},"ast-content-background-meta":{"desktop":{"background-color":"var(--ast-global-color-4)","background-image":"","background-repeat":"repeat","background-position":"center center","background-size":"auto","background-attachment":"scroll","background-type":"","background-media":"","overlay-type":"","overlay-color":"","overlay-opacity":"","overlay-gradient":""},"tablet":{"background-color":"var(--ast-global-color-4)","background-image":"","background-repeat":"repeat","background-position":"center center","background-size":"auto","background-attachment":"scroll","background-type":"","background-media":"","overlay-type":"","overlay-color":"","overlay-opacity":"","overlay-gradient":""},"mobile":{"background-color":"var(--ast-global-color-4)","background-image":"","background-repeat":"repeat","background-position":"center center","background-size":"auto","background-attachment":"scroll","background-type":"","background-media":"","overlay-type":"","overlay-color":"","overlay-opacity":"","overlay-gradient":""}},"footnotes":""},"class_list":["post-194","page","type-page","status-publish","hentry"],"aioseo_notices":[],"_links":{"self":[{"href":"https:\/\/airilaphoto.ee\/et\/wp-json\/wp\/v2\/pages\/194","targetHints":{"allow":["GET"]}}],"collection":[{"href":"https:\/\/airilaphoto.ee\/et\/wp-json\/wp\/v2\/pages"}],"about":[{"href":"https:\/\/airilaphoto.ee\/et\/wp-json\/wp\/v2\/types\/page"}],"author":[{"embeddable":true,"href":"https:\/\/airilaphoto.ee\/et\/wp-json\/wp\/v2\/users\/1"}],"replies":[{"embeddable":true,"href":"https:\/\/airilaphoto.ee\/et\/wp-json\/wp\/v2\/comments?post=194"}],"version-history":[{"count":10,"href":"https:\/\/airilaphoto.ee\/et\/wp-json\/wp\/v2\/pages\/194\/revisions"}],"predecessor-version":[{"id":376,"href":"https:\/\/airilaphoto.ee\/et\/wp-json\/wp\/v2\/pages\/194\/revisions\/376"}],"wp:attachment":[{"href":"https:\/\/airilaphoto.ee\/et\/wp-json\/wp\/v2\/media?parent=194"}],"curies":[{"name":"wp","href":"https:\/\/api.w.org\/{rel}","templated":true}]}}