{"id":191,"date":"2025-10-15T18:04:24","date_gmt":"2025-10-15T18:04:24","guid":{"rendered":"https:\/\/airilaphoto.ee\/?page_id=191"},"modified":"2025-10-22T14:01:53","modified_gmt":"2025-10-22T14:01:53","slug":"teenused","status":"publish","type":"page","link":"https:\/\/airilaphoto.ee\/et\/teenused\/","title":{"rendered":"teenused"},"content":{"rendered":"\t\t<div data-elementor-type=\"wp-page\" data-elementor-id=\"191\" class=\"elementor elementor-191\">\n\t\t\t\t<div class=\"elementor-element elementor-element-644ceacc e-flex e-con-boxed e-con e-parent\" data-id=\"644ceacc\" data-element_type=\"container\" data-e-type=\"container\" data-settings=\"{&quot;background_background&quot;:&quot;classic&quot;}\">\n\t\t\t\t\t<div class=\"e-con-inner\">\n\t\t<div class=\"elementor-element elementor-element-307a689 e-con-full e-flex e-con e-child\" data-id=\"307a689\" data-element_type=\"container\" data-e-type=\"container\">\n\t\t\t\t<div class=\"elementor-element elementor-element-5a06372c elementor-widget elementor-widget-heading\" data-id=\"5a06372c\" data-element_type=\"widget\" data-e-type=\"widget\" data-widget_type=\"heading.default\">\n\t\t\t\t\t<h2 class=\"elementor-heading-title elementor-size-default\">Porteepildid stuudios 250 EUR<\/h2>\t\t\t\t<\/div>\n\t\t\t\t<div class=\"elementor-element elementor-element-67b75f7e elementor-widget elementor-widget-text-editor\" data-id=\"67b75f7e\" data-element_type=\"widget\" data-e-type=\"widget\" data-widget_type=\"text-editor.default\">\n\t\t\t\t\t\t\t\t\t<p>Pildistamine stuudios, mis r\u00e4\u00e4gib sinu lugu. Pildistan privaatses ja segamatus keskonnas, et tunneksid end vabalt ja endana.\u00a0<\/p><ul><li class=\"whitespace-normal break-words\">1 tunnine fotosessioon valitud asukohas<\/li><li class=\"whitespace-normal break-words\">Professionaalne valgustus ja tehnika<\/li><li class=\"whitespace-normal break-words\">Erinevad rekvisiidid ja taustad<\/li><li>10-15 t\u00f6\u00f6deldud pilti<\/li><\/ul>\t\t\t\t\t\t\t\t<\/div>\n\t\t\t\t<\/div>\n\t\t<div class=\"elementor-element elementor-element-55cdcb33 e-con-full e-flex e-con e-child\" data-id=\"55cdcb33\" data-element_type=\"container\" data-e-type=\"container\">\n\t\t\t\t<div class=\"elementor-element elementor-element-34afd1b1 elementor-widget elementor-widget-image\" data-id=\"34afd1b1\" data-element_type=\"widget\" data-e-type=\"widget\" data-widget_type=\"image.default\">\n\t\t\t\t\t\t\t\t\t\t\t\t\t\t\t<img fetchpriority=\"high\" decoding=\"async\" width=\"683\" height=\"1024\" src=\"https:\/\/airilaphoto.ee\/wp-content\/uploads\/2025\/10\/AIR-6313-683x1024.jpg\" class=\"attachment-large size-large wp-image-74\" alt=\"\" srcset=\"https:\/\/airilaphoto.ee\/wp-content\/uploads\/2025\/10\/AIR-6313-683x1024.jpg 683w, https:\/\/airilaphoto.ee\/wp-content\/uploads\/2025\/10\/AIR-6313-200x300.jpg 200w, https:\/\/airilaphoto.ee\/wp-content\/uploads\/2025\/10\/AIR-6313-768x1152.jpg 768w, https:\/\/airilaphoto.ee\/wp-content\/uploads\/2025\/10\/AIR-6313-1024x1536.jpg 1024w, https:\/\/airilaphoto.ee\/wp-content\/uploads\/2025\/10\/AIR-6313.jpg 1365w\" sizes=\"(max-width: 683px) 100vw, 683px\" \/>\t\t\t\t\t\t\t\t\t\t\t\t\t\t\t<\/div>\n\t\t\t\t<\/div>\n\t\t\t\t\t<\/div>\n\t\t\t\t<\/div>\n\t\t<div class=\"elementor-element elementor-element-583911b3 e-flex e-con-boxed e-con e-parent\" data-id=\"583911b3\" data-element_type=\"container\" data-e-type=\"container\" data-settings=\"{&quot;background_background&quot;:&quot;classic&quot;}\">\n\t\t\t\t\t<div class=\"e-con-inner\">\n\t\t<div class=\"elementor-element elementor-element-5fe97faf e-con-full e-flex e-con e-child\" data-id=\"5fe97faf\" data-element_type=\"container\" data-e-type=\"container\">\n\t\t\t\t<div class=\"elementor-element elementor-element-27a9745 elementor-widget elementor-widget-heading\" data-id=\"27a9745\" data-element_type=\"widget\" data-e-type=\"widget\" data-widget_type=\"heading.default\">\n\t\t\t\t\t<h2 class=\"elementor-heading-title elementor-size-default\">Pildistamine looduses 100 EUR<\/h2>\t\t\t\t<\/div>\n\t\t\t\t<div class=\"elementor-element elementor-element-64481153 elementor-widget elementor-widget-text-editor\" data-id=\"64481153\" data-element_type=\"widget\" data-e-type=\"widget\" data-widget_type=\"text-editor.default\">\n\t\t\t\t\t\t\t\t\t<p>Looduses v\u00f5i sinu valitud asukohas pildistamine sobib kui ilmaolud on head ja soovid loomulikumat keskkonda. Sobib paaride ja pere j\u00e4\u00e4dvustamiseks<\/p><ul><li class=\"whitespace-normal break-words\">Eelvestlus ja konsultatsioon (arutame sinu soove ja ideid)<\/li><li class=\"whitespace-normal break-words\">1 &#8211; tunnine fotosessioon valitud asukohas<\/li><li class=\"whitespace-normal break-words\">Sobib pildistamiseks hommiku ja \u00f5htuvalgusega<\/li><li class=\"whitespace-normal break-words\">10-15 t\u00f6\u00f6deltud pilti<\/li><\/ul>\t\t\t\t\t\t\t\t<\/div>\n\t\t\t\t<\/div>\n\t\t<div class=\"elementor-element elementor-element-1ef02e7e e-con-full e-flex e-con e-child\" data-id=\"1ef02e7e\" data-element_type=\"container\" data-e-type=\"container\">\n\t\t\t\t<div class=\"elementor-element elementor-element-731285da elementor-widget elementor-widget-image\" data-id=\"731285da\" data-element_type=\"widget\" data-e-type=\"widget\" data-widget_type=\"image.default\">\n\t\t\t\t\t\t\t\t\t\t\t\t\t\t\t<img decoding=\"async\" width=\"683\" height=\"1024\" src=\"https:\/\/airilaphoto.ee\/wp-content\/uploads\/2025\/10\/AIR_3496-683x1024.jpg\" class=\"attachment-large size-large wp-image-90\" alt=\"\" srcset=\"https:\/\/airilaphoto.ee\/wp-content\/uploads\/2025\/10\/AIR_3496-683x1024.jpg 683w, https:\/\/airilaphoto.ee\/wp-content\/uploads\/2025\/10\/AIR_3496-200x300.jpg 200w, https:\/\/airilaphoto.ee\/wp-content\/uploads\/2025\/10\/AIR_3496-768x1152.jpg 768w, https:\/\/airilaphoto.ee\/wp-content\/uploads\/2025\/10\/AIR_3496-1024x1536.jpg 1024w, https:\/\/airilaphoto.ee\/wp-content\/uploads\/2025\/10\/AIR_3496-1365x2048.jpg 1365w, https:\/\/airilaphoto.ee\/wp-content\/uploads\/2025\/10\/AIR_3496-scaled.jpg 1706w\" sizes=\"(max-width: 683px) 100vw, 683px\" \/>\t\t\t\t\t\t\t\t\t\t\t\t\t\t\t<\/div>\n\t\t\t\t<\/div>\n\t\t\t\t\t<\/div>\n\t\t\t\t<\/div>\n\t\t<div class=\"elementor-element elementor-element-f8fafeb e-flex e-con-boxed e-con e-parent\" data-id=\"f8fafeb\" data-element_type=\"container\" data-e-type=\"container\" data-settings=\"{&quot;background_background&quot;:&quot;classic&quot;}\">\n\t\t\t\t\t<div class=\"e-con-inner\">\n\t\t<div class=\"elementor-element elementor-element-34a92a94 e-con-full e-flex e-con e-child\" data-id=\"34a92a94\" data-element_type=\"container\" data-e-type=\"container\">\n\t\t\t\t<div class=\"elementor-element elementor-element-71be16fa elementor-widget elementor-widget-heading\" data-id=\"71be16fa\" data-element_type=\"widget\" data-e-type=\"widget\" data-widget_type=\"heading.default\">\n\t\t\t\t\t<h2 class=\"elementor-heading-title elementor-size-default\">\u00dcrituste pildistamine alates 100 EUR\/tund<\/h2>\t\t\t\t<\/div>\n\t\t\t\t<div class=\"elementor-element elementor-element-6a9a7e2f elementor-widget elementor-widget-text-editor\" data-id=\"6a9a7e2f\" data-element_type=\"widget\" data-e-type=\"widget\" data-widget_type=\"text-editor.default\">\n\t\t\t\t\t\t\t\t\t<p>\u00dcrituste pildistamine sobib, kui soovid j\u00e4\u00e4dvustada olulisi hetki &#8211; olgu see kontsert, t\u00fcdrukte\u00f5htu, v\u00f5i s\u00fcnnip\u00e4ev. S\u00fcndmuse j\u00e4\u00e4dvustamine v\u00f5ib kesta m\u00f5nest tunnist kuni terve p\u00e4eva olenevalt s\u00fcndmuse iseloomust. Tingimused lepime Sinuga kokku eraldi.<\/p>\n<p>\u00a0<\/p>\t\t\t\t\t\t\t\t<\/div>\n\t\t\t\t<\/div>\n\t\t<div class=\"elementor-element elementor-element-3060ff3 e-con-full e-flex e-con e-child\" data-id=\"3060ff3\" data-element_type=\"container\" data-e-type=\"container\">\n\t\t\t\t<div class=\"elementor-element elementor-element-618bb3bf elementor-widget elementor-widget-image\" data-id=\"618bb3bf\" data-element_type=\"widget\" data-e-type=\"widget\" data-widget_type=\"image.default\">\n\t\t\t\t\t\t\t\t\t\t\t\t\t\t\t<img decoding=\"async\" width=\"1024\" height=\"683\" src=\"https:\/\/airilaphoto.ee\/wp-content\/uploads\/2025\/10\/AIR-0132-1024x683.jpg\" class=\"attachment-large size-large wp-image-247\" alt=\"\" srcset=\"https:\/\/airilaphoto.ee\/wp-content\/uploads\/2025\/10\/AIR-0132-1024x683.jpg 1024w, https:\/\/airilaphoto.ee\/wp-content\/uploads\/2025\/10\/AIR-0132-300x200.jpg 300w, https:\/\/airilaphoto.ee\/wp-content\/uploads\/2025\/10\/AIR-0132-768x512.jpg 768w, https:\/\/airilaphoto.ee\/wp-content\/uploads\/2025\/10\/AIR-0132-1536x1024.jpg 1536w, https:\/\/airilaphoto.ee\/wp-content\/uploads\/2025\/10\/AIR-0132.jpg 2048w\" sizes=\"(max-width: 1024px) 100vw, 1024px\" \/>\t\t\t\t\t\t\t\t\t\t\t\t\t\t\t<\/div>\n\t\t\t\t<\/div>\n\t\t\t\t\t<\/div>\n\t\t\t\t<\/div>\n\t\t<div class=\"elementor-element elementor-element-47c4f835 e-flex e-con-boxed e-con e-parent\" data-id=\"47c4f835\" data-element_type=\"container\" data-e-type=\"container\" data-settings=\"{&quot;background_background&quot;:&quot;classic&quot;}\">\n\t\t\t\t\t<div class=\"e-con-inner\">\n\t\t\t\t<div class=\"elementor-element elementor-element-3c9b8f64 elementor-widget elementor-widget-heading\" data-id=\"3c9b8f64\" data-element_type=\"widget\" data-e-type=\"widget\" data-widget_type=\"heading.default\">\n\t\t\t\t\t<h3 class=\"elementor-heading-title elementor-size-default\">Valmis pildistama?<\/h3>\t\t\t\t<\/div>\n\t\t\t\t<div class=\"elementor-element elementor-element-62badcb0 elementor-widget elementor-widget-text-editor\" data-id=\"62badcb0\" data-element_type=\"widget\" data-e-type=\"widget\" data-widget_type=\"text-editor.default\">\n\t\t\t\t\t\t\t\t\t<p>V\u00f5ta minuga \u00fchendust ja arutame sinu visiooni<\/p>\t\t\t\t\t\t\t\t<\/div>\n\t\t\t\t<div class=\"elementor-element elementor-element-2af4a0d3 elementor-mobile-align-center elementor-align-center elementor-widget elementor-widget-button\" data-id=\"2af4a0d3\" data-element_type=\"widget\" data-e-type=\"widget\" data-widget_type=\"button.default\">\n\t\t\t\t\t\t\t\t\t\t<a class=\"elementor-button elementor-button-link elementor-size-sm\" href=\"http:\/\/www.airilaphoto.ee\/kontakt\">\n\t\t\t\t\t\t<span class=\"elementor-button-content-wrapper\">\n\t\t\t\t\t\t\t\t\t<span class=\"elementor-button-text\">Saada kiri<\/span>\n\t\t\t\t\t<\/span>\n\t\t\t\t\t<\/a>\n\t\t\t\t\t\t\t\t<\/div>\n\t\t\t\t\t<\/div>\n\t\t\t\t<\/div>\n\t\t\t\t<\/div>\n\t\t","protected":false},"excerpt":{"rendered":"<p>Porteepildid stuudios 250 EUR Pildistamine stuudios, mis r\u00e4\u00e4gib sinu lugu. Pildistan privaatses ja segamatus keskonnas, et tunneksid end vabalt ja [&hellip;]<\/p>\n","protected":false},"author":1,"featured_media":0,"parent":0,"menu_order":0,"comment_status":"closed","ping_status":"closed","template":"","meta":{"_monsterinsights_skip_tracking":false,"_monsterinsights_sitenote_active":false,"_monsterinsights_sitenote_note":"","_monsterinsights_sitenote_category":0,"_uf_show_specific_survey":0,"_uf_disable_surveys":false,"site-sidebar-layout":"no-sidebar","site-content-layout":"","ast-site-content-layout":"full-width-container","site-content-style":"default","site-sidebar-style":"default","ast-global-header-display":"","ast-banner-title-visibility":"","ast-main-header-display":"","ast-hfb-above-header-display":"","ast-hfb-below-header-display":"","ast-hfb-mobile-header-display":"","site-post-title":"disabled","ast-breadcrumbs-content":"","ast-featured-img":"disabled","footer-sml-layout":"","ast-disable-related-posts":"","theme-transparent-header-meta":"","adv-header-id-meta":"","stick-header-meta":"","header-above-stick-meta":"","header-main-stick-meta":"","header-below-stick-meta":"","astra-migrate-meta-layouts":"default","ast-page-background-enabled":"default","ast-page-background-meta":{"desktop":{"background-color":"var(--ast-global-color-5)","background-image":"","background-repeat":"repeat","background-position":"center center","background-size":"auto","background-attachment":"scroll","background-type":"","background-media":"","overlay-type":"","overlay-color":"","overlay-opacity":"","overlay-gradient":""},"tablet":{"background-color":"","background-image":"","background-repeat":"repeat","background-position":"center center","background-size":"auto","background-attachment":"scroll","background-type":"","background-media":"","overlay-type":"","overlay-color":"","overlay-opacity":"","overlay-gradient":""},"mobile":{"background-color":"","background-image":"","background-repeat":"repeat","background-position":"center center","background-size":"auto","background-attachment":"scroll","background-type":"","background-media":"","overlay-type":"","overlay-color":"","overlay-opacity":"","overlay-gradient":""}},"ast-content-background-meta":{"desktop":{"background-color":"var(--ast-global-color-4)","background-image":"","background-repeat":"repeat","background-position":"center center","background-size":"auto","background-attachment":"scroll","background-type":"","background-media":"","overlay-type":"","overlay-color":"","overlay-opacity":"","overlay-gradient":""},"tablet":{"background-color":"var(--ast-global-color-4)","background-image":"","background-repeat":"repeat","background-position":"center center","background-size":"auto","background-attachment":"scroll","background-type":"","background-media":"","overlay-type":"","overlay-color":"","overlay-opacity":"","overlay-gradient":""},"mobile":{"background-color":"var(--ast-global-color-4)","background-image":"","background-repeat":"repeat","background-position":"center center","background-size":"auto","background-attachment":"scroll","background-type":"","background-media":"","overlay-type":"","overlay-color":"","overlay-opacity":"","overlay-gradient":""}},"footnotes":""},"class_list":["post-191","page","type-page","status-publish","hentry"],"aioseo_notices":[],"_links":{"self":[{"href":"https:\/\/airilaphoto.ee\/et\/wp-json\/wp\/v2\/pages\/191","targetHints":{"allow":["GET"]}}],"collection":[{"href":"https:\/\/airilaphoto.ee\/et\/wp-json\/wp\/v2\/pages"}],"about":[{"href":"https:\/\/airilaphoto.ee\/et\/wp-json\/wp\/v2\/types\/page"}],"author":[{"embeddable":true,"href":"https:\/\/airilaphoto.ee\/et\/wp-json\/wp\/v2\/users\/1"}],"replies":[{"embeddable":true,"href":"https:\/\/airilaphoto.ee\/et\/wp-json\/wp\/v2\/comments?post=191"}],"version-history":[{"count":22,"href":"https:\/\/airilaphoto.ee\/et\/wp-json\/wp\/v2\/pages\/191\/revisions"}],"predecessor-version":[{"id":364,"href":"https:\/\/airilaphoto.ee\/et\/wp-json\/wp\/v2\/pages\/191\/revisions\/364"}],"wp:attachment":[{"href":"https:\/\/airilaphoto.ee\/et\/wp-json\/wp\/v2\/media?parent=191"}],"curies":[{"name":"wp","href":"https:\/\/api.w.org\/{rel}","templated":true}]}}