{"id":196,"date":"2025-10-15T18:04:25","date_gmt":"2025-10-15T18:04:25","guid":{"rendered":"https:\/\/airilaphoto.ee\/?page_id=196"},"modified":"2025-11-27T18:06:44","modified_gmt":"2025-11-27T18:06:44","slug":"ugc","status":"publish","type":"page","link":"https:\/\/airilaphoto.ee\/en\/ugc\/","title":{"rendered":"ugc"},"content":{"rendered":"\t\t<div data-elementor-type=\"wp-page\" data-elementor-id=\"196\" class=\"elementor elementor-196\">\n\t\t\t\t<div class=\"elementor-element elementor-element-872f09c e-flex e-con-boxed e-con e-parent\" data-id=\"872f09c\" data-element_type=\"container\" data-e-type=\"container\">\n\t\t\t\t\t<div class=\"e-con-inner\">\n\t\t\t\t<div class=\"elementor-element elementor-element-fba788a elementor-widget elementor-widget-text-editor\" data-id=\"fba788a\" data-element_type=\"widget\" data-e-type=\"widget\" data-widget_type=\"text-editor.default\">\n\t\t\t\t\t\t\t\t\t<h1 class=\"text-2xl font-bold mt-1 text-text-100\">UGC Teenused &#8211; Autentne Sisu Sinu Br\u00e4ndile<\/h1><h2 class=\"text-xl font-bold text-text-100 mt-1 -mb-0.5\">Mis on UGC?<\/h2><p class=\"whitespace-normal break-words\">UGC ehk User Generated Content on kasutajate loodud sisu, mis n\u00e4eb v\u00e4lja nagu tavaline sotsiaalmeedia postitus, mitte traditsioonilne reklaam. See on autentne, usaldusv\u00e4\u00e4rne ja k\u00f5netab su sihtgruppi palju paremini kui stuudios tehtud reklaamvideod, sest inimesed usaldavad inimesi rohkem kui br\u00e4nde.<\/p><h2 class=\"text-xl font-bold text-text-100 mt-1 -mb-0.5\">Kellele minu teenus sobib?<\/h2><p class=\"whitespace-normal break-words\">Minu UGC teenus on loodud <strong>ilubr\u00e4ndidele, kodukaubam\u00e4rkidele, lastekaupadele, reisiettev\u00f5tetele ja spordivaldkonna br\u00e4ndidele<\/strong>, kes soovivad:<\/p><ul class=\"[&amp;:not(:last-child)_ul]:pb-1 [&amp;:not(:last-child)_ol]:pb-1 list-disc space-y-2.5 pl-7\"><li class=\"whitespace-normal break-words\">Suurendada oma toodete ja teenuste usaldusv\u00e4\u00e4rsust<\/li><li class=\"whitespace-normal break-words\">Luua sisulist sidet oma sihtgrupiga noorusliku 40 + aastat<\/li><li class=\"whitespace-normal break-words\">Saada kvaliteetset videosisu sotsiaalmeediasse ilma suure tootmiskuluta<\/li><li class=\"whitespace-normal break-words\">Testida erinevaid s\u00f5numeid ja formaate<\/li><\/ul><h2 class=\"text-xl font-bold text-text-100 mt-1 -mb-0.5\">Mida ma pakun?<\/h2><p class=\"whitespace-normal break-words\">Loon professionaalseid <strong>Reels-formaadis videoid<\/strong>, mis:<\/p><ul class=\"[&amp;:not(:last-child)_ul]:pb-1 [&amp;:not(:last-child)_ol]:pb-1 list-disc space-y-2.5 pl-7\"><li class=\"whitespace-normal break-words\">N\u00e4evad v\u00e4lja autentsed ja k\u00f5netavad sihtgruppi<\/li><li class=\"whitespace-normal break-words\">On optimeeritud Instagrami ja Facebooki jaoks<\/li><li class=\"whitespace-normal break-words\">R\u00e4\u00e4givad su toote v\u00f5i teenuse loost v\u00f5i kasutusest loomulikul viisil<\/li><li class=\"whitespace-normal break-words\">T\u00f5stab kaasatust ja aitab muuta vaatajad klientideks<\/li><\/ul><h2 class=\"text-xl font-bold text-text-100 mt-1 -mb-0.5\">Minu valdkonnad<\/h2><p class=\"whitespace-normal break-words\">Valdkonnad, kus mul on isiklik kogemus ja mille kohta oskan luua t\u00f5eliselt usutavat sisu:<\/p><p><strong>\ud83c\udfcb\ufe0f Treeningud<\/strong> &#8211; fitness, jooga, tantsimine, treenimisvahendid, sporditooted<\/p><p><strong>\ud83e\ude82 Ekstreemsport<\/strong> &#8211; seikluslikud tegevused, adrenaliinisport, v\u00e4ljakutsed<\/p><p><strong>\ud83d\udc84 Ilu<\/strong> &#8211; kosmeetika, nahahooldus, juuksehooldus, jumestustooted<\/p><p><strong>\ud83c\udfe0 Kodu<\/strong> &#8211; interj\u00f6\u00f6r, kodukaubad, praktilised lahendused<\/p><p><strong>\ud83d\udc67 Lapsed 10-13-aastased<\/strong> &#8211; poiste tooted, haridus, hobid, sisustus<\/p><p><strong>\u2708\ufe0f Reisimine<\/strong> &#8211; sihtkohtade tutvustused, hotellid, reisiteenused, kogemused.<\/p><h2 class=\"text-xl font-bold text-text-100 mt-1 -mb-0.5\">Miks valida mind?<\/h2><p>Ma olen <strong>40+ vanusegrupis<\/strong>, aga nooruslik ja sportlik &#8211; t\u00e4iuslik h\u00e4\u00e4l br\u00e4ndidele, kes soovivad k\u00f5netada k\u00fcpset, aga energilist sihtgruppi.\u00a0<\/p><p class=\"whitespace-normal break-words\">Ma ei ole lihtsalt sisulooja &#8211; ma olen su br\u00e4ndi autentne h\u00e4\u00e4l sotsiaalmeedias. Mu loodud videod loovad emotsionaalse \u00fchenduse sinu klientidega, sest need on p\u00e4riselt usutavad.<\/p><p class=\"whitespace-normal break-words\"><strong>Alustame koost\u00f6\u00f6d?<\/strong> V\u00f5ta \u00fchendust ja arutame, kuidas saaksin su br\u00e4ndi lugu ellu \u00e4ratada!<\/p>\t\t\t\t\t\t\t\t<\/div>\n\t\t\t\t\t<\/div>\n\t\t\t\t<\/div>\n\t\t<div class=\"elementor-element elementor-element-3201f8c0 e-flex e-con-boxed e-con e-parent\" data-id=\"3201f8c0\" data-element_type=\"container\" data-e-type=\"container\" data-settings=\"{&quot;background_background&quot;:&quot;classic&quot;}\">\n\t\t\t\t\t<div class=\"e-con-inner\">\n\t\t\t\t<div class=\"elementor-element elementor-element-4a1f3e20 elementor-widget elementor-widget-heading\" data-id=\"4a1f3e20\" data-element_type=\"widget\" data-e-type=\"widget\" data-widget_type=\"heading.default\">\n\t\t\t\t\t<h3 class=\"elementor-heading-title elementor-size-default\">Soovin UGC sisutootmist !<\/h3>\t\t\t\t<\/div>\n\t\t\t\t<div class=\"elementor-element elementor-element-37c00097 elementor-widget elementor-widget-text-editor\" data-id=\"37c00097\" data-element_type=\"widget\" data-e-type=\"widget\" data-widget_type=\"text-editor.default\">\n\t\t\t\t\t\t\t\t\t<p>V\u00f5ta minuga \u00fchendust ja arutame sinu visiooni<\/p>\t\t\t\t\t\t\t\t<\/div>\n\t\t\t\t<div class=\"elementor-element elementor-element-2a621764 elementor-mobile-align-center elementor-align-center elementor-widget elementor-widget-button\" data-id=\"2a621764\" data-element_type=\"widget\" data-e-type=\"widget\" data-widget_type=\"button.default\">\n\t\t\t\t\t\t\t\t\t\t<a class=\"elementor-button elementor-button-link elementor-size-sm\" href=\"http:\/\/www.airilaphoto.ee\/kontakt\">\n\t\t\t\t\t\t<span class=\"elementor-button-content-wrapper\">\n\t\t\t\t\t\t\t\t\t<span class=\"elementor-button-text\">Saada kiri<\/span>\n\t\t\t\t\t<\/span>\n\t\t\t\t\t<\/a>\n\t\t\t\t\t\t\t\t<\/div>\n\t\t\t\t\t<\/div>\n\t\t\t\t<\/div>\n\t\t\t\t<\/div>\n\t\t","protected":false},"excerpt":{"rendered":"<p>UGC Teenused &#8211; Autentne Sisu Sinu Br\u00e4ndile Mis on UGC? UGC ehk User Generated Content on kasutajate loodud sisu, mis [&hellip;]<\/p>\n","protected":false},"author":1,"featured_media":0,"parent":0,"menu_order":0,"comment_status":"closed","ping_status":"closed","template":"","meta":{"_monsterinsights_skip_tracking":false,"_monsterinsights_sitenote_active":false,"_monsterinsights_sitenote_note":"","_monsterinsights_sitenote_category":0,"_uf_show_specific_survey":0,"_uf_disable_surveys":false,"site-sidebar-layout":"no-sidebar","site-content-layout":"","ast-site-content-layout":"full-width-container","site-content-style":"default","site-sidebar-style":"default","ast-global-header-display":"","ast-banner-title-visibility":"","ast-main-header-display":"","ast-hfb-above-header-display":"","ast-hfb-below-header-display":"","ast-hfb-mobile-header-display":"","site-post-title":"disabled","ast-breadcrumbs-content":"","ast-featured-img":"disabled","footer-sml-layout":"","ast-disable-related-posts":"","theme-transparent-header-meta":"","adv-header-id-meta":"","stick-header-meta":"","header-above-stick-meta":"","header-main-stick-meta":"","header-below-stick-meta":"","astra-migrate-meta-layouts":"default","ast-page-background-enabled":"default","ast-page-background-meta":{"desktop":{"background-color":"var(--ast-global-color-5)","background-image":"","background-repeat":"repeat","background-position":"center center","background-size":"auto","background-attachment":"scroll","background-type":"","background-media":"","overlay-type":"","overlay-color":"","overlay-opacity":"","overlay-gradient":""},"tablet":{"background-color":"","background-image":"","background-repeat":"repeat","background-position":"center center","background-size":"auto","background-attachment":"scroll","background-type":"","background-media":"","overlay-type":"","overlay-color":"","overlay-opacity":"","overlay-gradient":""},"mobile":{"background-color":"","background-image":"","background-repeat":"repeat","background-position":"center center","background-size":"auto","background-attachment":"scroll","background-type":"","background-media":"","overlay-type":"","overlay-color":"","overlay-opacity":"","overlay-gradient":""}},"ast-content-background-meta":{"desktop":{"background-color":"var(--ast-global-color-4)","background-image":"","background-repeat":"repeat","background-position":"center center","background-size":"auto","background-attachment":"scroll","background-type":"","background-media":"","overlay-type":"","overlay-color":"","overlay-opacity":"","overlay-gradient":""},"tablet":{"background-color":"var(--ast-global-color-4)","background-image":"","background-repeat":"repeat","background-position":"center center","background-size":"auto","background-attachment":"scroll","background-type":"","background-media":"","overlay-type":"","overlay-color":"","overlay-opacity":"","overlay-gradient":""},"mobile":{"background-color":"var(--ast-global-color-4)","background-image":"","background-repeat":"repeat","background-position":"center center","background-size":"auto","background-attachment":"scroll","background-type":"","background-media":"","overlay-type":"","overlay-color":"","overlay-opacity":"","overlay-gradient":""}},"footnotes":""},"class_list":["post-196","page","type-page","status-publish","hentry"],"aioseo_notices":[],"_links":{"self":[{"href":"https:\/\/airilaphoto.ee\/en\/wp-json\/wp\/v2\/pages\/196","targetHints":{"allow":["GET"]}}],"collection":[{"href":"https:\/\/airilaphoto.ee\/en\/wp-json\/wp\/v2\/pages"}],"about":[{"href":"https:\/\/airilaphoto.ee\/en\/wp-json\/wp\/v2\/types\/page"}],"author":[{"embeddable":true,"href":"https:\/\/airilaphoto.ee\/en\/wp-json\/wp\/v2\/users\/1"}],"replies":[{"embeddable":true,"href":"https:\/\/airilaphoto.ee\/en\/wp-json\/wp\/v2\/comments?post=196"}],"version-history":[{"count":46,"href":"https:\/\/airilaphoto.ee\/en\/wp-json\/wp\/v2\/pages\/196\/revisions"}],"predecessor-version":[{"id":473,"href":"https:\/\/airilaphoto.ee\/en\/wp-json\/wp\/v2\/pages\/196\/revisions\/473"}],"wp:attachment":[{"href":"https:\/\/airilaphoto.ee\/en\/wp-json\/wp\/v2\/media?parent=196"}],"curies":[{"name":"wp","href":"https:\/\/api.w.org\/{rel}","templated":true}]}}